{"id":8,"date":"2024-11-15T09:28:39","date_gmt":"2024-11-15T09:28:39","guid":{"rendered":"http:\/\/localhost\/gpslegal\/?page_id=8"},"modified":"2025-07-28T21:17:27","modified_gmt":"2025-07-28T21:17:27","slug":"home","status":"publish","type":"page","link":"https:\/\/gpslegal.hr\/hr\/","title":{"rendered":"Naslovnica"},"content":{"rendered":"<div data-elementor-type=\"wp-page\" data-elementor-id=\"8\" class=\"elementor elementor-8\" data-elementor-post-type=\"page\">\n\t\t\t\t<div class=\"elementor-element elementor-element-204405b e-con-full hero-img e-flex e-con e-parent\" data-id=\"204405b\" data-element_type=\"container\" data-settings=\"{&quot;background_background&quot;:&quot;slideshow&quot;,&quot;background_slideshow_gallery&quot;:[{&quot;id&quot;:27,&quot;url&quot;:&quot;https:\\\/\\\/gpslegal.hr\\\/wp-content\\\/uploads\\\/2024\\\/11\\\/hero1.jpg&quot;},{&quot;id&quot;:28,&quot;url&quot;:&quot;https:\\\/\\\/gpslegal.hr\\\/wp-content\\\/uploads\\\/2024\\\/11\\\/hero2.jpg&quot;},{&quot;id&quot;:30,&quot;url&quot;:&quot;https:\\\/\\\/gpslegal.hr\\\/wp-content\\\/uploads\\\/2024\\\/11\\\/hero3.jpg&quot;}],&quot;background_slideshow_slide_duration&quot;:4000,&quot;background_slideshow_ken_burns&quot;:&quot;yes&quot;,&quot;background_slideshow_loop&quot;:&quot;yes&quot;,&quot;background_slideshow_slide_transition&quot;:&quot;fade&quot;,&quot;background_slideshow_transition_duration&quot;:500,&quot;background_slideshow_ken_burns_zoom_direction&quot;:&quot;in&quot;}\">\n\t\t\t\t<div class=\"elementor-element elementor-element-7449087 elementor-widget elementor-widget-text-editor\" data-id=\"7449087\" data-element_type=\"widget\" data-widget_type=\"text-editor.default\">\n\t\t\t\t<div class=\"elementor-widget-container\">\n\t\t\t\t\t\t\t<p>.<\/p>\t\t\t\t\t\t<\/div>\n\t\t\t\t<\/div>\n\t\t\t\t<\/div>\n\t\t\t\t<\/div>","protected":false},"excerpt":{"rendered":"<p>.<\/p>","protected":false},"author":7,"featured_media":0,"parent":0,"menu_order":0,"comment_status":"closed","ping_status":"closed","template":"","meta":{"inline_featured_image":false,"footnotes":""},"class_list":["post-8","page","type-page","status-publish","hentry"],"yoast_head":"<!-- This site is optimized with the Yoast SEO plugin v25.5 - https:\/\/yoast.com\/wordpress\/plugins\/seo\/ -->\n<title>Home - Gospi\u0107 Plazina \u0160tojs<\/title>\n<meta name=\"robots\" content=\"index, follow, max-snippet:-1, max-image-preview:large, max-video-preview:-1\" \/>\n<link rel=\"canonical\" href=\"https:\/\/gpslegal.hr\/hr\/\" \/>\n<meta property=\"og:locale\" content=\"hr_HR\" \/>\n<meta property=\"og:type\" content=\"article\" \/>\n<meta property=\"og:title\" content=\"Home - Gospi\u0107 Plazina \u0160tojs\" \/>\n<meta property=\"og:description\" content=\"Boutique corporate law firm\" \/>\n<meta property=\"og:url\" content=\"https:\/\/gpslegal.hr\/hr\/\" \/>\n<meta property=\"og:site_name\" content=\"Gospi\u0107 Plazina \u0160tojs\" \/>\n<meta property=\"article:modified_time\" content=\"2025-07-28T21:17:27+00:00\" \/>\n<meta name=\"twitter:card\" content=\"summary_large_image\" \/>\n<script type=\"application\/ld+json\" class=\"yoast-schema-graph\">{\"@context\":\"https:\/\/schema.org\",\"@graph\":[{\"@type\":\"WebPage\",\"@id\":\"https:\/\/gpslegal.hr\/\",\"url\":\"https:\/\/gpslegal.hr\/\",\"name\":\"Home - Gospi\u0107 Plazina \u0160tojs\",\"isPartOf\":{\"@id\":\"https:\/\/gpslegal.hr\/#website\"},\"datePublished\":\"2024-11-15T09:28:39+00:00\",\"dateModified\":\"2025-07-28T21:17:27+00:00\",\"breadcrumb\":{\"@id\":\"https:\/\/gpslegal.hr\/#breadcrumb\"},\"inLanguage\":\"hr\",\"potentialAction\":[{\"@type\":\"ReadAction\",\"target\":[\"https:\/\/gpslegal.hr\/\"]}]},{\"@type\":\"BreadcrumbList\",\"@id\":\"https:\/\/gpslegal.hr\/#breadcrumb\",\"itemListElement\":[{\"@type\":\"ListItem\",\"position\":1,\"name\":\"Home\",\"item\":\"https:\/\/gpslegal.hr\/\"},{\"@type\":\"ListItem\",\"position\":2,\"name\":\"Home\"}]},{\"@type\":\"WebSite\",\"@id\":\"https:\/\/gpslegal.hr\/#website\",\"url\":\"https:\/\/gpslegal.hr\/\",\"name\":\"Gospi\u0107 Plazina \u0160tojs - Odvjetni\u010dko dru\u0161tvo\",\"description\":\"Odvjetni\u010dko dru\u0161tvo\",\"publisher\":{\"@id\":\"https:\/\/gpslegal.hr\/#organization\"},\"potentialAction\":[{\"@type\":\"SearchAction\",\"target\":{\"@type\":\"EntryPoint\",\"urlTemplate\":\"https:\/\/gpslegal.hr\/?s={search_term_string}\"},\"query-input\":{\"@type\":\"PropertyValueSpecification\",\"valueRequired\":true,\"valueName\":\"search_term_string\"}}],\"inLanguage\":\"hr\"},{\"@type\":\"Organization\",\"@id\":\"https:\/\/gpslegal.hr\/#organization\",\"name\":\"Gospi\u0107 Plazina \u0160tojs\",\"url\":\"https:\/\/gpslegal.hr\/\",\"logo\":{\"@type\":\"ImageObject\",\"inLanguage\":\"hr\",\"@id\":\"https:\/\/gpslegal.hr\/#\/schema\/logo\/image\/\",\"url\":\"https:\/\/gpslegal.hr\/wp-content\/uploads\/2024\/11\/gps_logo2.png\",\"contentUrl\":\"https:\/\/gpslegal.hr\/wp-content\/uploads\/2024\/11\/gps_logo2.png\",\"width\":8804,\"height\":1264,\"caption\":\"Gospi\u0107 Plazina \u0160tojs\"},\"image\":{\"@id\":\"https:\/\/gpslegal.hr\/#\/schema\/logo\/image\/\"}}]}<\/script>\n<!-- \/ Yoast SEO plugin. -->","yoast_head_json":{"title":"Home - Gospi\u0107 Plazina \u0160tojs","robots":{"index":"index","follow":"follow","max-snippet":"max-snippet:-1","max-image-preview":"max-image-preview:large","max-video-preview":"max-video-preview:-1"},"canonical":"https:\/\/gpslegal.hr\/hr\/","og_locale":"hr_HR","og_type":"article","og_title":"Home - Gospi\u0107 Plazina \u0160tojs","og_description":"Boutique corporate law firm","og_url":"https:\/\/gpslegal.hr\/hr\/","og_site_name":"Gospi\u0107 Plazina \u0160tojs","article_modified_time":"2025-07-28T21:17:27+00:00","twitter_card":"summary_large_image","schema":{"@context":"https:\/\/schema.org","@graph":[{"@type":"WebPage","@id":"https:\/\/gpslegal.hr\/","url":"https:\/\/gpslegal.hr\/","name":"Home - Gospi\u0107 Plazina \u0160tojs","isPartOf":{"@id":"https:\/\/gpslegal.hr\/#website"},"datePublished":"2024-11-15T09:28:39+00:00","dateModified":"2025-07-28T21:17:27+00:00","breadcrumb":{"@id":"https:\/\/gpslegal.hr\/#breadcrumb"},"inLanguage":"hr","potentialAction":[{"@type":"ReadAction","target":["https:\/\/gpslegal.hr\/"]}]},{"@type":"BreadcrumbList","@id":"https:\/\/gpslegal.hr\/#breadcrumb","itemListElement":[{"@type":"ListItem","position":1,"name":"Home","item":"https:\/\/gpslegal.hr\/"},{"@type":"ListItem","position":2,"name":"Home"}]},{"@type":"WebSite","@id":"https:\/\/gpslegal.hr\/#website","url":"https:\/\/gpslegal.hr\/","name":"Gospi\u0107 Plazina \u0160tojs - Odvjetni\u010dko dru\u0161tvo","description":"Odvjetni\u010dko dru\u0161tvo","publisher":{"@id":"https:\/\/gpslegal.hr\/#organization"},"potentialAction":[{"@type":"SearchAction","target":{"@type":"EntryPoint","urlTemplate":"https:\/\/gpslegal.hr\/?s={search_term_string}"},"query-input":{"@type":"PropertyValueSpecification","valueRequired":true,"valueName":"search_term_string"}}],"inLanguage":"hr"},{"@type":"Organization","@id":"https:\/\/gpslegal.hr\/#organization","name":"Gospi\u0107 Plazina \u0160tojs","url":"https:\/\/gpslegal.hr\/","logo":{"@type":"ImageObject","inLanguage":"hr","@id":"https:\/\/gpslegal.hr\/#\/schema\/logo\/image\/","url":"https:\/\/gpslegal.hr\/wp-content\/uploads\/2024\/11\/gps_logo2.png","contentUrl":"https:\/\/gpslegal.hr\/wp-content\/uploads\/2024\/11\/gps_logo2.png","width":8804,"height":1264,"caption":"Gospi\u0107 Plazina \u0160tojs"},"image":{"@id":"https:\/\/gpslegal.hr\/#\/schema\/logo\/image\/"}}]}},"_links":{"self":[{"href":"https:\/\/gpslegal.hr\/hr\/wp-json\/wp\/v2\/pages\/8","targetHints":{"allow":["GET"]}}],"collection":[{"href":"https:\/\/gpslegal.hr\/hr\/wp-json\/wp\/v2\/pages"}],"about":[{"href":"https:\/\/gpslegal.hr\/hr\/wp-json\/wp\/v2\/types\/page"}],"author":[{"embeddable":true,"href":"https:\/\/gpslegal.hr\/hr\/wp-json\/wp\/v2\/users\/7"}],"replies":[{"embeddable":true,"href":"https:\/\/gpslegal.hr\/hr\/wp-json\/wp\/v2\/comments?post=8"}],"version-history":[{"count":52,"href":"https:\/\/gpslegal.hr\/hr\/wp-json\/wp\/v2\/pages\/8\/revisions"}],"predecessor-version":[{"id":648,"href":"https:\/\/gpslegal.hr\/hr\/wp-json\/wp\/v2\/pages\/8\/revisions\/648"}],"wp:attachment":[{"href":"https:\/\/gpslegal.hr\/hr\/wp-json\/wp\/v2\/media?parent=8"}],"curies":[{"name":"wp","href":"https:\/\/api.w.org\/{rel}","templated":true}]}}