{"id":58,"date":"2024-11-15T11:37:44","date_gmt":"2024-11-15T11:37:44","guid":{"rendered":"http:\/\/localhost\/gpslegal\/?page_id=58"},"modified":"2024-11-21T12:27:15","modified_gmt":"2024-11-21T12:27:15","slug":"about-us","status":"publish","type":"page","link":"https:\/\/gpslegal.hr\/hr\/about-us\/","title":{"rendered":"O nama"},"content":{"rendered":"<div data-elementor-type=\"wp-page\" data-elementor-id=\"58\" class=\"elementor elementor-58\" data-elementor-post-type=\"page\">\n\t\t\t\t<div class=\"elementor-element elementor-element-204405b e-con-full e-flex e-con e-parent\" data-id=\"204405b\" data-element_type=\"container\" data-settings=\"{&quot;background_background&quot;:&quot;classic&quot;}\">\n\t\t\t\t<\/div>\n\t\t<div class=\"elementor-element elementor-element-377067c e-flex e-con-boxed e-con e-parent\" data-id=\"377067c\" data-element_type=\"container\">\n\t\t\t\t\t<div class=\"e-con-inner\">\n\t\t<div class=\"elementor-element elementor-element-18e1d6d e-con-full e-flex e-con e-child\" data-id=\"18e1d6d\" data-element_type=\"container\">\n\t\t\t\t<div class=\"elementor-element elementor-element-cd809e0 elementor-widget-divider--view-line elementor-widget elementor-widget-divider\" data-id=\"cd809e0\" data-element_type=\"widget\" data-widget_type=\"divider.default\">\n\t\t\t\t<div class=\"elementor-widget-container\">\n\t\t\t\t\t<div class=\"elementor-divider\">\n\t\t\t<span class=\"elementor-divider-separator\">\n\t\t\t\t\t\t<\/span>\n\t\t<\/div>\n\t\t\t\t<\/div>\n\t\t\t\t<\/div>\n\t\t\t\t<div class=\"elementor-element elementor-element-d82d9e1 elementor-widget elementor-widget-text-editor\" data-id=\"d82d9e1\" data-element_type=\"widget\" data-widget_type=\"text-editor.default\">\n\t\t\t\t<div class=\"elementor-widget-container\">\n\t\t\t\t\t\t\t<p>O nama<\/p>\t\t\t\t\t\t<\/div>\n\t\t\t\t<\/div>\n\t\t\t\t<div class=\"elementor-element elementor-element-a398f36 elementor-widget__width-initial elementor-widget elementor-widget-text-editor\" data-id=\"a398f36\" data-element_type=\"widget\" data-widget_type=\"text-editor.default\">\n\t\t\t\t<div class=\"elementor-widget-container\">\n\t\t\t\t\t\t\t<div id=\"text_block-12-18\" class=\"ct-text-block\">Mi smo odvjetni\u010dko dru\u0161to koje pru\u017ea pravne usluge iz domene prava dru\u0161tava, trgova\u010dkog prava, tr\u017ei\u0161ta kapitala, bankarstva i financija te projekata razvoja nekretnina<\/div><div id=\"div_block-13-18\" class=\"ct-div-block\">\u00a0<\/div>\t\t\t\t\t\t<\/div>\n\t\t\t\t<\/div>\n\t\t\t\t<\/div>\n\t\t<div class=\"elementor-element elementor-element-c5fb3b3 e-con-full e-flex e-con e-child\" data-id=\"c5fb3b3\" data-element_type=\"container\" data-settings=\"{&quot;background_background&quot;:&quot;classic&quot;}\">\n\t\t\t\t<div class=\"elementor-element elementor-element-1be199e elementor-widget-divider--view-line elementor-widget elementor-widget-divider\" data-id=\"1be199e\" data-element_type=\"widget\" data-widget_type=\"divider.default\">\n\t\t\t\t<div class=\"elementor-widget-container\">\n\t\t\t\t\t<div class=\"elementor-divider\">\n\t\t\t<span class=\"elementor-divider-separator\">\n\t\t\t\t\t\t<\/span>\n\t\t<\/div>\n\t\t\t\t<\/div>\n\t\t\t\t<\/div>\n\t\t<div class=\"elementor-element elementor-element-65ae724 e-con-full e-flex e-con e-child\" data-id=\"65ae724\" data-element_type=\"container\">\n\t\t\t\t<div class=\"elementor-element elementor-element-5cec48a elementor-widget__width-initial elementor-widget elementor-widget-text-editor\" data-id=\"5cec48a\" data-element_type=\"widget\" data-widget_type=\"text-editor.default\">\n\t\t\t\t<div class=\"elementor-widget-container\">\n\t\t\t\t\t\t\t<div>Predani smo razumijevanju va\u0161eg poslovanja, ciljeva i strategije kako bismo pru\u017eili pravne savjete koji u\u010dinkovito pridonose va\u0161em uspjehu. Bogato profesionalno iskustvo omogu\u0107uje nam sveobuhvatno razumijevanje poslovnih izazova u raznim industrijama.<\/div>\t\t\t\t\t\t<\/div>\n\t\t\t\t<\/div>\n\t\t\t\t<\/div>\n\t\t\t\t<\/div>\n\t\t<div class=\"elementor-element elementor-element-f98a46f e-con-full e-flex e-con e-child\" data-id=\"f98a46f\" data-element_type=\"container\">\n\t\t\t\t<div class=\"elementor-element elementor-element-34d13a1 elementor-widget__width-initial elementor-widget elementor-widget-text-editor\" data-id=\"34d13a1\" data-element_type=\"widget\" data-widget_type=\"text-editor.default\">\n\t\t\t\t<div class=\"elementor-widget-container\">\n\t\t\t\t\t\t\t<div id=\"text_block-12-18\" class=\"ct-text-block\">Te\u017eimo izvrsnosti i pomno analiziramo sve okolnosti koje utje\u010du na poslovanje na\u0161ih klijenata. Na\u0161i odvjetnici sudjelovali su u transakcijama koje su obilje\u017eile tr\u017ei\u0161te kao i u brojnim slo\u017eenim prekograni\u010dnim projektima. Na\u0161 pristup temelji se na predanosti kvaliteti, dostupnosti i usmjerenosti klijentu te na na\u010delima suradnje i profesionalne etike.<\/div>\t\t\t\t\t\t<\/div>\n\t\t\t\t<\/div>\n\t\t\t\t<\/div>\n\t\t<div class=\"elementor-element elementor-element-6a79339 e-con-full e-flex e-con e-child\" data-id=\"6a79339\" data-element_type=\"container\">\n\t\t\t\t<div class=\"elementor-element elementor-element-195f705 elementor-widget-divider--view-line elementor-widget elementor-widget-divider\" data-id=\"195f705\" data-element_type=\"widget\" data-widget_type=\"divider.default\">\n\t\t\t\t<div class=\"elementor-widget-container\">\n\t\t\t\t\t<div class=\"elementor-divider\">\n\t\t\t<span class=\"elementor-divider-separator\">\n\t\t\t\t\t\t<\/span>\n\t\t<\/div>\n\t\t\t\t<\/div>\n\t\t\t\t<\/div>\n\t\t<div class=\"elementor-element elementor-element-fb968f1 e-con-full e-flex e-con e-child\" data-id=\"fb968f1\" data-element_type=\"container\">\n\t\t\t\t<div class=\"elementor-element elementor-element-dc96067 elementor-widget__width-initial elementor-widget elementor-widget-text-editor\" data-id=\"dc96067\" data-element_type=\"widget\" data-widget_type=\"text-editor.default\">\n\t\t\t\t<div class=\"elementor-widget-container\">\n\t\t\t\t\t\t\t<p>Stru\u010dnost i predanost \u010dlanova na\u0161eg tima prepoznata je u izdanjima neovisnih me\u0111unarodnih procjenitelja kvalitete pru\u017eanja pravnih usluga \u2013 Chambers and Partners, Legal 500 i IFLR 1000.<\/p>\t\t\t\t\t\t<\/div>\n\t\t\t\t<\/div>\n\t\t\t\t<\/div>\n\t\t\t\t<div class=\"elementor-element elementor-element-6948a88 elementor-align-center elementor-widget elementor-widget-button\" data-id=\"6948a88\" data-element_type=\"widget\" data-widget_type=\"button.default\">\n\t\t\t\t<div class=\"elementor-widget-container\">\n\t\t\t\t\t\t\t<div class=\"elementor-button-wrapper\">\n\t\t\t\t\t<a class=\"elementor-button elementor-button-link elementor-size-sm\" href=\"https:\/\/gpslegal.hr\/hr\/about-us-copy\/\">\n\t\t\t\t\t\t<span class=\"elementor-button-content-wrapper\">\n\t\t\t\t\t\t\t\t\t<span class=\"elementor-button-text\">Kontaktirajte nas<\/span>\n\t\t\t\t\t<\/span>\n\t\t\t\t\t<\/a>\n\t\t\t\t<\/div>\n\t\t\t\t\t\t<\/div>\n\t\t\t\t<\/div>\n\t\t\t\t<\/div>\n\t\t\t\t\t<\/div>\n\t\t\t\t<\/div>\n\t\t\t\t<\/div>","protected":false},"excerpt":{"rendered":"<p>About Us We are a boutique law firm providing sophisticated legal services in M&amp;A, corporate, capital markets, financing and real estate transactions.\u00a0 We are committed to understand your business, goals and strategy to ensure we deliver advice that meets your legal needs and supports your success.\u00a0Our extensive professional experience enables comprehensive understanding of business challenges [&hellip;]<\/p>","protected":false},"author":7,"featured_media":0,"parent":0,"menu_order":0,"comment_status":"closed","ping_status":"closed","template":"","meta":{"inline_featured_image":false,"footnotes":""},"class_list":["post-58","page","type-page","status-publish","hentry"],"yoast_head":"<!-- This site is optimized with the Yoast SEO plugin v25.5 - https:\/\/yoast.com\/wordpress\/plugins\/seo\/ -->\n<title>About Us - Gospi\u0107 Plazina \u0160tojs<\/title>\n<meta name=\"robots\" content=\"index, follow, max-snippet:-1, max-image-preview:large, max-video-preview:-1\" \/>\n<link rel=\"canonical\" href=\"https:\/\/gpslegal.hr\/hr\/about-us\/\" \/>\n<meta property=\"og:locale\" content=\"hr_HR\" \/>\n<meta property=\"og:type\" content=\"article\" \/>\n<meta property=\"og:title\" content=\"About Us - Gospi\u0107 Plazina \u0160tojs\" \/>\n<meta property=\"og:description\" content=\"About Us We are a boutique law firm providing sophisticated legal services in M&amp;A, corporate, capital markets, financing and real estate transactions.\u00a0 We are committed to understand your business, goals and strategy to ensure we deliver advice that meets your legal needs and supports your success.\u00a0Our extensive professional experience enables comprehensive understanding of business challenges [&hellip;]\" \/>\n<meta property=\"og:url\" content=\"https:\/\/gpslegal.hr\/hr\/about-us\/\" \/>\n<meta property=\"og:site_name\" content=\"Gospi\u0107 Plazina \u0160tojs\" \/>\n<meta property=\"article:modified_time\" content=\"2024-11-21T12:27:15+00:00\" \/>\n<meta name=\"twitter:card\" content=\"summary_large_image\" \/>\n<meta name=\"twitter:label1\" content=\"Est. reading time\" \/>\n\t<meta name=\"twitter:data1\" content=\"1 minute\" \/>\n<script type=\"application\/ld+json\" class=\"yoast-schema-graph\">{\"@context\":\"https:\/\/schema.org\",\"@graph\":[{\"@type\":\"WebPage\",\"@id\":\"https:\/\/gpslegal.hr\/about-us\/\",\"url\":\"https:\/\/gpslegal.hr\/about-us\/\",\"name\":\"About Us - Gospi\u0107 Plazina \u0160tojs\",\"isPartOf\":{\"@id\":\"https:\/\/gpslegal.hr\/#website\"},\"datePublished\":\"2024-11-15T11:37:44+00:00\",\"dateModified\":\"2024-11-21T12:27:15+00:00\",\"breadcrumb\":{\"@id\":\"https:\/\/gpslegal.hr\/about-us\/#breadcrumb\"},\"inLanguage\":\"hr\",\"potentialAction\":[{\"@type\":\"ReadAction\",\"target\":[\"https:\/\/gpslegal.hr\/about-us\/\"]}]},{\"@type\":\"BreadcrumbList\",\"@id\":\"https:\/\/gpslegal.hr\/about-us\/#breadcrumb\",\"itemListElement\":[{\"@type\":\"ListItem\",\"position\":1,\"name\":\"Home\",\"item\":\"https:\/\/gpslegal.hr\/\"},{\"@type\":\"ListItem\",\"position\":2,\"name\":\"About Us\"}]},{\"@type\":\"WebSite\",\"@id\":\"https:\/\/gpslegal.hr\/#website\",\"url\":\"https:\/\/gpslegal.hr\/\",\"name\":\"Gospi\u0107 Plazina \u0160tojs - Odvjetni\u010dko dru\u0161tvo\",\"description\":\"Odvjetni\u010dko dru\u0161tvo\",\"publisher\":{\"@id\":\"https:\/\/gpslegal.hr\/#organization\"},\"potentialAction\":[{\"@type\":\"SearchAction\",\"target\":{\"@type\":\"EntryPoint\",\"urlTemplate\":\"https:\/\/gpslegal.hr\/?s={search_term_string}\"},\"query-input\":{\"@type\":\"PropertyValueSpecification\",\"valueRequired\":true,\"valueName\":\"search_term_string\"}}],\"inLanguage\":\"hr\"},{\"@type\":\"Organization\",\"@id\":\"https:\/\/gpslegal.hr\/#organization\",\"name\":\"Gospi\u0107 Plazina \u0160tojs\",\"url\":\"https:\/\/gpslegal.hr\/\",\"logo\":{\"@type\":\"ImageObject\",\"inLanguage\":\"hr\",\"@id\":\"https:\/\/gpslegal.hr\/#\/schema\/logo\/image\/\",\"url\":\"https:\/\/gpslegal.hr\/wp-content\/uploads\/2024\/11\/gps_logo2.png\",\"contentUrl\":\"https:\/\/gpslegal.hr\/wp-content\/uploads\/2024\/11\/gps_logo2.png\",\"width\":8804,\"height\":1264,\"caption\":\"Gospi\u0107 Plazina \u0160tojs\"},\"image\":{\"@id\":\"https:\/\/gpslegal.hr\/#\/schema\/logo\/image\/\"}}]}<\/script>\n<!-- \/ Yoast SEO plugin. -->","yoast_head_json":{"title":"About Us - Gospi\u0107 Plazina \u0160tojs","robots":{"index":"index","follow":"follow","max-snippet":"max-snippet:-1","max-image-preview":"max-image-preview:large","max-video-preview":"max-video-preview:-1"},"canonical":"https:\/\/gpslegal.hr\/hr\/about-us\/","og_locale":"hr_HR","og_type":"article","og_title":"About Us - Gospi\u0107 Plazina \u0160tojs","og_description":"About Us We are a boutique law firm providing sophisticated legal services in M&amp;A, corporate, capital markets, financing and real estate transactions.\u00a0 We are committed to understand your business, goals and strategy to ensure we deliver advice that meets your legal needs and supports your success.\u00a0Our extensive professional experience enables comprehensive understanding of business challenges [&hellip;]","og_url":"https:\/\/gpslegal.hr\/hr\/about-us\/","og_site_name":"Gospi\u0107 Plazina \u0160tojs","article_modified_time":"2024-11-21T12:27:15+00:00","twitter_card":"summary_large_image","twitter_misc":{"Est. reading time":"1 minute"},"schema":{"@context":"https:\/\/schema.org","@graph":[{"@type":"WebPage","@id":"https:\/\/gpslegal.hr\/about-us\/","url":"https:\/\/gpslegal.hr\/about-us\/","name":"About Us - Gospi\u0107 Plazina \u0160tojs","isPartOf":{"@id":"https:\/\/gpslegal.hr\/#website"},"datePublished":"2024-11-15T11:37:44+00:00","dateModified":"2024-11-21T12:27:15+00:00","breadcrumb":{"@id":"https:\/\/gpslegal.hr\/about-us\/#breadcrumb"},"inLanguage":"hr","potentialAction":[{"@type":"ReadAction","target":["https:\/\/gpslegal.hr\/about-us\/"]}]},{"@type":"BreadcrumbList","@id":"https:\/\/gpslegal.hr\/about-us\/#breadcrumb","itemListElement":[{"@type":"ListItem","position":1,"name":"Home","item":"https:\/\/gpslegal.hr\/"},{"@type":"ListItem","position":2,"name":"About Us"}]},{"@type":"WebSite","@id":"https:\/\/gpslegal.hr\/#website","url":"https:\/\/gpslegal.hr\/","name":"Gospi\u0107 Plazina \u0160tojs - Odvjetni\u010dko dru\u0161tvo","description":"Odvjetni\u010dko dru\u0161tvo","publisher":{"@id":"https:\/\/gpslegal.hr\/#organization"},"potentialAction":[{"@type":"SearchAction","target":{"@type":"EntryPoint","urlTemplate":"https:\/\/gpslegal.hr\/?s={search_term_string}"},"query-input":{"@type":"PropertyValueSpecification","valueRequired":true,"valueName":"search_term_string"}}],"inLanguage":"hr"},{"@type":"Organization","@id":"https:\/\/gpslegal.hr\/#organization","name":"Gospi\u0107 Plazina \u0160tojs","url":"https:\/\/gpslegal.hr\/","logo":{"@type":"ImageObject","inLanguage":"hr","@id":"https:\/\/gpslegal.hr\/#\/schema\/logo\/image\/","url":"https:\/\/gpslegal.hr\/wp-content\/uploads\/2024\/11\/gps_logo2.png","contentUrl":"https:\/\/gpslegal.hr\/wp-content\/uploads\/2024\/11\/gps_logo2.png","width":8804,"height":1264,"caption":"Gospi\u0107 Plazina \u0160tojs"},"image":{"@id":"https:\/\/gpslegal.hr\/#\/schema\/logo\/image\/"}}]}},"_links":{"self":[{"href":"https:\/\/gpslegal.hr\/hr\/wp-json\/wp\/v2\/pages\/58","targetHints":{"allow":["GET"]}}],"collection":[{"href":"https:\/\/gpslegal.hr\/hr\/wp-json\/wp\/v2\/pages"}],"about":[{"href":"https:\/\/gpslegal.hr\/hr\/wp-json\/wp\/v2\/types\/page"}],"author":[{"embeddable":true,"href":"https:\/\/gpslegal.hr\/hr\/wp-json\/wp\/v2\/users\/7"}],"replies":[{"embeddable":true,"href":"https:\/\/gpslegal.hr\/hr\/wp-json\/wp\/v2\/comments?post=58"}],"version-history":[{"count":48,"href":"https:\/\/gpslegal.hr\/hr\/wp-json\/wp\/v2\/pages\/58\/revisions"}],"predecessor-version":[{"id":535,"href":"https:\/\/gpslegal.hr\/hr\/wp-json\/wp\/v2\/pages\/58\/revisions\/535"}],"wp:attachment":[{"href":"https:\/\/gpslegal.hr\/hr\/wp-json\/wp\/v2\/media?parent=58"}],"curies":[{"name":"wp","href":"https:\/\/api.w.org\/{rel}","templated":true}]}}