{"id":108,"date":"2024-11-15T13:52:17","date_gmt":"2024-11-15T13:52:17","guid":{"rendered":"http:\/\/localhost\/gpslegal\/?page_id=108"},"modified":"2024-11-21T12:33:38","modified_gmt":"2024-11-21T12:33:38","slug":"about-us-copy","status":"publish","type":"page","link":"https:\/\/gpslegal.hr\/hr\/about-us-copy\/","title":{"rendered":"Kontakt"},"content":{"rendered":"<div data-elementor-type=\"wp-page\" data-elementor-id=\"108\" class=\"elementor elementor-108\" data-elementor-post-type=\"page\">\n\t\t\t\t<div class=\"elementor-element elementor-element-204405b e-con-full e-transform e-flex e-con e-parent\" data-id=\"204405b\" data-element_type=\"container\" data-settings=\"{&quot;background_background&quot;:&quot;classic&quot;,&quot;_transform_scaleX_effect&quot;:{&quot;unit&quot;:&quot;px&quot;,&quot;size&quot;:&quot;&quot;,&quot;sizes&quot;:[]},&quot;_transform_scaleX_effect_tablet&quot;:{&quot;unit&quot;:&quot;px&quot;,&quot;size&quot;:&quot;&quot;,&quot;sizes&quot;:[]},&quot;_transform_scaleX_effect_mobile&quot;:{&quot;unit&quot;:&quot;px&quot;,&quot;size&quot;:&quot;&quot;,&quot;sizes&quot;:[]},&quot;_transform_scaleY_effect&quot;:{&quot;unit&quot;:&quot;px&quot;,&quot;size&quot;:&quot;&quot;,&quot;sizes&quot;:[]},&quot;_transform_scaleY_effect_tablet&quot;:{&quot;unit&quot;:&quot;px&quot;,&quot;size&quot;:&quot;&quot;,&quot;sizes&quot;:[]},&quot;_transform_scaleY_effect_mobile&quot;:{&quot;unit&quot;:&quot;px&quot;,&quot;size&quot;:&quot;&quot;,&quot;sizes&quot;:[]}}\">\n\t\t\t\t<\/div>\n\t\t<div class=\"elementor-element elementor-element-eaaf7fb e-flex e-con-boxed e-con e-parent\" data-id=\"eaaf7fb\" data-element_type=\"container\">\n\t\t\t\t\t<div class=\"e-con-inner\">\n\t\t<div class=\"elementor-element elementor-element-3b4813b e-con-full e-flex e-con e-child\" data-id=\"3b4813b\" data-element_type=\"container\">\n\t\t\t\t<div class=\"elementor-element elementor-element-5085b05 elementor-widget__width-initial elementor-widget elementor-widget-image\" data-id=\"5085b05\" data-element_type=\"widget\" data-widget_type=\"image.default\">\n\t\t\t\t<div class=\"elementor-widget-container\">\n\t\t\t\t\t\t\t\t\t\t\t\t\t<img fetchpriority=\"high\" decoding=\"async\" width=\"800\" height=\"115\" src=\"https:\/\/gpslegal.hr\/wp-content\/uploads\/2024\/11\/gps_logo2.png\" class=\"attachment-large size-large wp-image-121\" alt=\"\" \/>\t\t\t\t\t\t\t\t\t\t\t\t\t<\/div>\n\t\t\t\t<\/div>\n\t\t\t\t<\/div>\n\t\t<div class=\"elementor-element elementor-element-8538f07 e-con-full e-flex e-con e-child\" data-id=\"8538f07\" data-element_type=\"container\">\n\t\t\t\t<div class=\"elementor-element elementor-element-7a4cb71 elementor-widget-divider--view-line elementor-widget elementor-widget-divider\" data-id=\"7a4cb71\" data-element_type=\"widget\" data-widget_type=\"divider.default\">\n\t\t\t\t<div class=\"elementor-widget-container\">\n\t\t\t\t\t<div class=\"elementor-divider\">\n\t\t\t<span class=\"elementor-divider-separator\">\n\t\t\t\t\t\t<\/span>\n\t\t<\/div>\n\t\t\t\t<\/div>\n\t\t\t\t<\/div>\n\t\t\t\t<div class=\"elementor-element elementor-element-8e072b8 elementor-widget__width-initial elementor-widget elementor-widget-text-editor\" data-id=\"8e072b8\" data-element_type=\"widget\" data-widget_type=\"text-editor.default\">\n\t\t\t\t<div class=\"elementor-widget-container\">\n\t\t\t\t\t\t\t<div id=\"text_block-12-18\" class=\"ct-text-block\"><div id=\"text_block-8-21\" class=\"ct-text-block\"><div id=\"text_block-30-21\" class=\"ct-text-block cura-ime\">Adresa<\/div><\/div><\/div>\t\t\t\t\t\t<\/div>\n\t\t\t\t<\/div>\n\t\t\t\t<div class=\"elementor-element elementor-element-30e9da7 elementor-widget__width-initial elementor-widget elementor-widget-text-editor\" data-id=\"30e9da7\" data-element_type=\"widget\" data-widget_type=\"text-editor.default\">\n\t\t\t\t<div class=\"elementor-widget-container\">\n\t\t\t\t\t\t\t<div id=\"text_block-12-18\" class=\"ct-text-block\"><div id=\"text_block-8-21\" class=\"ct-text-block\"><div id=\"text_block-30-21\" class=\"ct-text-block cura-ime\">Berislavi\u0107eva 12<br \/>10000 Zagreb\u00a0<br \/>Hrvatska<\/div><\/div><\/div>\t\t\t\t\t\t<\/div>\n\t\t\t\t<\/div>\n\t\t<div class=\"elementor-element elementor-element-189ac74 e-con-full e-flex e-con e-child\" data-id=\"189ac74\" data-element_type=\"container\">\n\t\t\t\t<div class=\"elementor-element elementor-element-a75f966 elementor-widget elementor-widget-button\" data-id=\"a75f966\" data-element_type=\"widget\" data-widget_type=\"button.default\">\n\t\t\t\t<div class=\"elementor-widget-container\">\n\t\t\t\t\t\t\t<div class=\"elementor-button-wrapper\">\n\t\t\t\t\t<a class=\"elementor-button elementor-button-link elementor-size-sm\" href=\"https:\/\/www.google.com\/maps\/place\/Gospi%C4%87+Plazina+%C5%A0tojs+Law+Firm\/@45.8105795,15.973256,17z\/data=!3m1!4b1!4m5!3m4!1s0x4765d7c87ed4fc9f:0x4739b3c10148f529!8m2!3d45.8105758!4d15.9754447\">\n\t\t\t\t\t\t<span class=\"elementor-button-content-wrapper\">\n\t\t\t\t\t\t\t\t\t<span class=\"elementor-button-text\">Find us on Google Maps<\/span>\n\t\t\t\t\t<\/span>\n\t\t\t\t\t<\/a>\n\t\t\t\t<\/div>\n\t\t\t\t\t\t<\/div>\n\t\t\t\t<\/div>\n\t\t\t\t<\/div>\n\t\t\t\t<\/div>\n\t\t<div class=\"elementor-element elementor-element-b5e9bb6 e-con-full e-flex e-con e-child\" data-id=\"b5e9bb6\" data-element_type=\"container\">\n\t\t\t\t<div class=\"elementor-element elementor-element-0f9fd9a elementor-widget-divider--view-line elementor-widget elementor-widget-divider\" data-id=\"0f9fd9a\" data-element_type=\"widget\" data-widget_type=\"divider.default\">\n\t\t\t\t<div class=\"elementor-widget-container\">\n\t\t\t\t\t<div class=\"elementor-divider\">\n\t\t\t<span class=\"elementor-divider-separator\">\n\t\t\t\t\t\t<\/span>\n\t\t<\/div>\n\t\t\t\t<\/div>\n\t\t\t\t<\/div>\n\t\t\t\t<div class=\"elementor-element elementor-element-f7ccee9 elementor-widget__width-initial elementor-widget elementor-widget-text-editor\" data-id=\"f7ccee9\" data-element_type=\"widget\" data-widget_type=\"text-editor.default\">\n\t\t\t\t<div class=\"elementor-widget-container\">\n\t\t\t\t\t\t\t<div id=\"text_block-12-18\" class=\"ct-text-block\"><div id=\"text_block-8-21\" class=\"ct-text-block\"><div id=\"text_block-30-21\" class=\"ct-text-block cura-ime\">Kontakt informacije<\/div><\/div><\/div>\t\t\t\t\t\t<\/div>\n\t\t\t\t<\/div>\n\t\t\t\t<div class=\"elementor-element elementor-element-9ef86ec elementor-widget__width-initial elementor-widget elementor-widget-text-editor\" data-id=\"9ef86ec\" data-element_type=\"widget\" data-widget_type=\"text-editor.default\">\n\t\t\t\t<div class=\"elementor-widget-container\">\n\t\t\t\t\t\t\t<div id=\"text_block-12-18\" class=\"ct-text-block\"><div id=\"text_block-8-21\" class=\"ct-text-block\"><div id=\"text_block-30-21\" class=\"ct-text-block cura-ime\">info@gpslegal.eu<\/div><\/div><\/div>\t\t\t\t\t\t<\/div>\n\t\t\t\t<\/div>\n\t\t<div class=\"elementor-element elementor-element-cb2cb74 e-con-full e-flex e-con e-child\" data-id=\"cb2cb74\" data-element_type=\"container\">\n\t\t\t\t<\/div>\n\t\t\t\t<\/div>\n\t\t\t\t\t<\/div>\n\t\t\t\t<\/div>\n\t\t\t\t<\/div>","protected":false},"excerpt":{"rendered":"<p>AddressBerislavi\u0107eva 1210000 Zagreb\u00a0Hrvatska Find us on Google Maps Contact infoinfo@gpslegal.eu<\/p>","protected":false},"author":7,"featured_media":0,"parent":0,"menu_order":0,"comment_status":"closed","ping_status":"closed","template":"","meta":{"inline_featured_image":false,"footnotes":""},"class_list":["post-108","page","type-page","status-publish","hentry"],"yoast_head":"<!-- This site is optimized with the Yoast SEO plugin v25.5 - https:\/\/yoast.com\/wordpress\/plugins\/seo\/ -->\n<title>Contact - Gospi\u0107 Plazina \u0160tojs<\/title>\n<meta name=\"robots\" content=\"index, follow, max-snippet:-1, max-image-preview:large, max-video-preview:-1\" \/>\n<link rel=\"canonical\" href=\"https:\/\/gpslegal.hr\/hr\/about-us-copy\/\" \/>\n<meta property=\"og:locale\" content=\"hr_HR\" \/>\n<meta property=\"og:type\" content=\"article\" \/>\n<meta property=\"og:title\" content=\"Contact - Gospi\u0107 Plazina \u0160tojs\" \/>\n<meta property=\"og:description\" content=\"AddressBerislavi\u0107eva 1210000 Zagreb\u00a0Hrvatska Find us on Google Maps Contact infoinfo@gpslegal.eu\" \/>\n<meta property=\"og:url\" content=\"https:\/\/gpslegal.hr\/hr\/about-us-copy\/\" \/>\n<meta property=\"og:site_name\" content=\"Gospi\u0107 Plazina \u0160tojs\" \/>\n<meta property=\"article:modified_time\" content=\"2024-11-21T12:33:38+00:00\" \/>\n<meta property=\"og:image\" content=\"https:\/\/gpslegal.hr\/wp-content\/uploads\/2024\/11\/gps_logo2.png\" \/>\n\t<meta property=\"og:image:width\" content=\"8804\" \/>\n\t<meta property=\"og:image:height\" content=\"1264\" \/>\n\t<meta property=\"og:image:type\" content=\"image\/png\" \/>\n<meta name=\"twitter:card\" content=\"summary_large_image\" \/>\n<script type=\"application\/ld+json\" class=\"yoast-schema-graph\">{\"@context\":\"https:\/\/schema.org\",\"@graph\":[{\"@type\":\"WebPage\",\"@id\":\"https:\/\/gpslegal.hr\/about-us-copy\/\",\"url\":\"https:\/\/gpslegal.hr\/about-us-copy\/\",\"name\":\"Contact - Gospi\u0107 Plazina \u0160tojs\",\"isPartOf\":{\"@id\":\"https:\/\/gpslegal.hr\/#website\"},\"primaryImageOfPage\":{\"@id\":\"https:\/\/gpslegal.hr\/about-us-copy\/#primaryimage\"},\"image\":{\"@id\":\"https:\/\/gpslegal.hr\/about-us-copy\/#primaryimage\"},\"thumbnailUrl\":\"https:\/\/gpslegal.hr\/wp-content\/uploads\/2024\/11\/gps_logo2.png\",\"datePublished\":\"2024-11-15T13:52:17+00:00\",\"dateModified\":\"2024-11-21T12:33:38+00:00\",\"breadcrumb\":{\"@id\":\"https:\/\/gpslegal.hr\/about-us-copy\/#breadcrumb\"},\"inLanguage\":\"hr\",\"potentialAction\":[{\"@type\":\"ReadAction\",\"target\":[\"https:\/\/gpslegal.hr\/about-us-copy\/\"]}]},{\"@type\":\"ImageObject\",\"inLanguage\":\"hr\",\"@id\":\"https:\/\/gpslegal.hr\/about-us-copy\/#primaryimage\",\"url\":\"https:\/\/gpslegal.hr\/wp-content\/uploads\/2024\/11\/gps_logo2.png\",\"contentUrl\":\"https:\/\/gpslegal.hr\/wp-content\/uploads\/2024\/11\/gps_logo2.png\"},{\"@type\":\"BreadcrumbList\",\"@id\":\"https:\/\/gpslegal.hr\/about-us-copy\/#breadcrumb\",\"itemListElement\":[{\"@type\":\"ListItem\",\"position\":1,\"name\":\"Home\",\"item\":\"https:\/\/gpslegal.hr\/\"},{\"@type\":\"ListItem\",\"position\":2,\"name\":\"Contact\"}]},{\"@type\":\"WebSite\",\"@id\":\"https:\/\/gpslegal.hr\/#website\",\"url\":\"https:\/\/gpslegal.hr\/\",\"name\":\"Gospi\u0107 Plazina \u0160tojs - Odvjetni\u010dko dru\u0161tvo\",\"description\":\"Odvjetni\u010dko dru\u0161tvo\",\"publisher\":{\"@id\":\"https:\/\/gpslegal.hr\/#organization\"},\"potentialAction\":[{\"@type\":\"SearchAction\",\"target\":{\"@type\":\"EntryPoint\",\"urlTemplate\":\"https:\/\/gpslegal.hr\/?s={search_term_string}\"},\"query-input\":{\"@type\":\"PropertyValueSpecification\",\"valueRequired\":true,\"valueName\":\"search_term_string\"}}],\"inLanguage\":\"hr\"},{\"@type\":\"Organization\",\"@id\":\"https:\/\/gpslegal.hr\/#organization\",\"name\":\"Gospi\u0107 Plazina \u0160tojs\",\"url\":\"https:\/\/gpslegal.hr\/\",\"logo\":{\"@type\":\"ImageObject\",\"inLanguage\":\"hr\",\"@id\":\"https:\/\/gpslegal.hr\/#\/schema\/logo\/image\/\",\"url\":\"https:\/\/gpslegal.hr\/wp-content\/uploads\/2024\/11\/gps_logo2.png\",\"contentUrl\":\"https:\/\/gpslegal.hr\/wp-content\/uploads\/2024\/11\/gps_logo2.png\",\"width\":8804,\"height\":1264,\"caption\":\"Gospi\u0107 Plazina \u0160tojs\"},\"image\":{\"@id\":\"https:\/\/gpslegal.hr\/#\/schema\/logo\/image\/\"}}]}<\/script>\n<!-- \/ Yoast SEO plugin. -->","yoast_head_json":{"title":"Contact - Gospi\u0107 Plazina \u0160tojs","robots":{"index":"index","follow":"follow","max-snippet":"max-snippet:-1","max-image-preview":"max-image-preview:large","max-video-preview":"max-video-preview:-1"},"canonical":"https:\/\/gpslegal.hr\/hr\/about-us-copy\/","og_locale":"hr_HR","og_type":"article","og_title":"Contact - Gospi\u0107 Plazina \u0160tojs","og_description":"AddressBerislavi\u0107eva 1210000 Zagreb\u00a0Hrvatska Find us on Google Maps Contact infoinfo@gpslegal.eu","og_url":"https:\/\/gpslegal.hr\/hr\/about-us-copy\/","og_site_name":"Gospi\u0107 Plazina \u0160tojs","article_modified_time":"2024-11-21T12:33:38+00:00","og_image":[{"width":8804,"height":1264,"url":"https:\/\/gpslegal.hr\/wp-content\/uploads\/2024\/11\/gps_logo2.png","type":"image\/png"}],"twitter_card":"summary_large_image","schema":{"@context":"https:\/\/schema.org","@graph":[{"@type":"WebPage","@id":"https:\/\/gpslegal.hr\/about-us-copy\/","url":"https:\/\/gpslegal.hr\/about-us-copy\/","name":"Contact - Gospi\u0107 Plazina \u0160tojs","isPartOf":{"@id":"https:\/\/gpslegal.hr\/#website"},"primaryImageOfPage":{"@id":"https:\/\/gpslegal.hr\/about-us-copy\/#primaryimage"},"image":{"@id":"https:\/\/gpslegal.hr\/about-us-copy\/#primaryimage"},"thumbnailUrl":"https:\/\/gpslegal.hr\/wp-content\/uploads\/2024\/11\/gps_logo2.png","datePublished":"2024-11-15T13:52:17+00:00","dateModified":"2024-11-21T12:33:38+00:00","breadcrumb":{"@id":"https:\/\/gpslegal.hr\/about-us-copy\/#breadcrumb"},"inLanguage":"hr","potentialAction":[{"@type":"ReadAction","target":["https:\/\/gpslegal.hr\/about-us-copy\/"]}]},{"@type":"ImageObject","inLanguage":"hr","@id":"https:\/\/gpslegal.hr\/about-us-copy\/#primaryimage","url":"https:\/\/gpslegal.hr\/wp-content\/uploads\/2024\/11\/gps_logo2.png","contentUrl":"https:\/\/gpslegal.hr\/wp-content\/uploads\/2024\/11\/gps_logo2.png"},{"@type":"BreadcrumbList","@id":"https:\/\/gpslegal.hr\/about-us-copy\/#breadcrumb","itemListElement":[{"@type":"ListItem","position":1,"name":"Home","item":"https:\/\/gpslegal.hr\/"},{"@type":"ListItem","position":2,"name":"Contact"}]},{"@type":"WebSite","@id":"https:\/\/gpslegal.hr\/#website","url":"https:\/\/gpslegal.hr\/","name":"Gospi\u0107 Plazina \u0160tojs - Odvjetni\u010dko dru\u0161tvo","description":"Odvjetni\u010dko dru\u0161tvo","publisher":{"@id":"https:\/\/gpslegal.hr\/#organization"},"potentialAction":[{"@type":"SearchAction","target":{"@type":"EntryPoint","urlTemplate":"https:\/\/gpslegal.hr\/?s={search_term_string}"},"query-input":{"@type":"PropertyValueSpecification","valueRequired":true,"valueName":"search_term_string"}}],"inLanguage":"hr"},{"@type":"Organization","@id":"https:\/\/gpslegal.hr\/#organization","name":"Gospi\u0107 Plazina \u0160tojs","url":"https:\/\/gpslegal.hr\/","logo":{"@type":"ImageObject","inLanguage":"hr","@id":"https:\/\/gpslegal.hr\/#\/schema\/logo\/image\/","url":"https:\/\/gpslegal.hr\/wp-content\/uploads\/2024\/11\/gps_logo2.png","contentUrl":"https:\/\/gpslegal.hr\/wp-content\/uploads\/2024\/11\/gps_logo2.png","width":8804,"height":1264,"caption":"Gospi\u0107 Plazina \u0160tojs"},"image":{"@id":"https:\/\/gpslegal.hr\/#\/schema\/logo\/image\/"}}]}},"_links":{"self":[{"href":"https:\/\/gpslegal.hr\/hr\/wp-json\/wp\/v2\/pages\/108","targetHints":{"allow":["GET"]}}],"collection":[{"href":"https:\/\/gpslegal.hr\/hr\/wp-json\/wp\/v2\/pages"}],"about":[{"href":"https:\/\/gpslegal.hr\/hr\/wp-json\/wp\/v2\/types\/page"}],"author":[{"embeddable":true,"href":"https:\/\/gpslegal.hr\/hr\/wp-json\/wp\/v2\/users\/7"}],"replies":[{"embeddable":true,"href":"https:\/\/gpslegal.hr\/hr\/wp-json\/wp\/v2\/comments?post=108"}],"version-history":[{"count":51,"href":"https:\/\/gpslegal.hr\/hr\/wp-json\/wp\/v2\/pages\/108\/revisions"}],"predecessor-version":[{"id":559,"href":"https:\/\/gpslegal.hr\/hr\/wp-json\/wp\/v2\/pages\/108\/revisions\/559"}],"wp:attachment":[{"href":"https:\/\/gpslegal.hr\/hr\/wp-json\/wp\/v2\/media?parent=108"}],"curies":[{"name":"wp","href":"https:\/\/api.w.org\/{rel}","templated":true}]}}